{"id":1239,"date":"2022-03-23T10:26:25","date_gmt":"2022-03-23T10:26:25","guid":{"rendered":"https:\/\/chemmax.pl\/sklep\/?post_type=product&#038;p=1239"},"modified":"2023-09-20T13:23:51","modified_gmt":"2023-09-20T13:23:51","slug":"ekolux-do-25l","status":"publish","type":"product","link":"https:\/\/chemmax.pl\/sklep\/produkt\/ekolux-do-25l\/","title":{"rendered":"Ekolux DO 25L"},"content":{"rendered":"<h2>\ud83e\uddfc <strong>Skoncentrowany P\u0142yn Dezynfekuj\u0105cy &#8211; Ochrona, Czysto\u015b\u0107, Bezpiecze\u0144stwo!<\/strong> \ud83e\udda0<\/h2>\n<p>Nasz p\u0142yn dezynfekuj\u0105cy to pot\u0119\u017cne narz\u0119dzie w walce z drobnoustrojami, w tym bakteriami i wirusami otoczkowymi. Przeznaczony do odka\u017cania i dezynfekcji pomieszcze\u0144, posadzek, pod\u0142\u00f3g, maszyn i element\u00f3w wyposa\u017cenia.<\/p>\n<h2>\u2699\ufe0f <strong>W\u0142a\u015bciwo\u015bci Myj\u0105ce<\/strong><\/h2>\n<p>Dodatkowo nasz preparat posiada doskona\u0142e w\u0142a\u015bciwo\u015bci myj\u0105ce, pomagaj\u0105c w usuni\u0119ciu zabrudze\u0144 organicznych.<\/p>\n<h2>\ud83c\udf31 <strong>Przyjazny \u015arodowisku<\/strong><\/h2>\n<p>Bazuj\u0105cy na wodorotlenku o odczynie alkalicznym, \u0142atwo mieszalny z wod\u0105. Oznacza to, \u017ce mo\u017cesz dostosowa\u0107 jego st\u0119\u017cenie do konkretnej potrzeby.<\/p>\n<h2>\ud83e\uddf4 <strong>Skoncentrowany<\/strong><\/h2>\n<p>Wystarczy go rozcie\u0144czy\u0107 z wod\u0105 w proporcjach 1:5 do 1:10, co sprawia, \u017ce jest wyj\u0105tkowo wydajny.<\/p>\n<p>Zadbaj o czysto\u015b\u0107 i bezpiecze\u0144stwo swojego otoczenia za pomoc\u0105 naszego skoncentrowanego p\u0142ynu dezynfekuj\u0105cego! \ud83c\udfe0\ud83c\udf21\ufe0f\ud83e\udda0<\/p>\n","protected":false},"excerpt":{"rendered":"<p>Dezynfekcja obiekt\u00f3w<\/p>\n","protected":false},"featured_media":1062,"comment_status":"open","ping_status":"closed","template":"","meta":[],"product_brand":[],"product_cat":[52],"product_tag":[],"class_list":{"0":"post-1239","1":"product","2":"type-product","3":"status-publish","4":"has-post-thumbnail","6":"product_cat-dezynfekcja","8":"first","9":"instock","10":"taxable","11":"shipping-taxable","12":"purchasable","13":"product-type-simple"},"yoast_head":"<!-- This site is optimized with the Yoast SEO plugin v24.4 - https:\/\/yoast.com\/wordpress\/plugins\/seo\/ -->\n<title>Ekolux DO 25L - Sklep Chemmax<\/title>\n<meta name=\"robots\" content=\"index, follow, max-snippet:-1, max-image-preview:large, max-video-preview:-1\" \/>\n<link rel=\"canonical\" href=\"https:\/\/chemmax.pl\/sklep\/produkt\/ekolux-do-25l\/\" \/>\n<meta property=\"og:locale\" content=\"pl_PL\" \/>\n<meta property=\"og:type\" content=\"article\" \/>\n<meta property=\"og:title\" content=\"Ekolux DO 25L - Sklep Chemmax\" \/>\n<meta property=\"og:description\" content=\"Dezynfekcja obiekt\u00f3w\" \/>\n<meta property=\"og:url\" content=\"https:\/\/chemmax.pl\/sklep\/produkt\/ekolux-do-25l\/\" \/>\n<meta property=\"og:site_name\" content=\"Sklep Chemmax\" \/>\n<meta property=\"article:modified_time\" content=\"2023-09-20T13:23:51+00:00\" \/>\n<meta property=\"og:image\" content=\"https:\/\/chemmax.pl\/sklep\/wp-content\/uploads\/2021\/12\/Ekolux-DO-25l-preparat-do-dezynfekcji-obiektow.jpg\" \/>\n\t<meta property=\"og:image:width\" content=\"800\" \/>\n\t<meta property=\"og:image:height\" content=\"534\" \/>\n\t<meta property=\"og:image:type\" content=\"image\/jpeg\" \/>\n<meta name=\"twitter:card\" content=\"summary_large_image\" \/>\n<meta name=\"twitter:label1\" content=\"Szacowany czas czytania\" \/>\n\t<meta name=\"twitter:data1\" content=\"1 minuta\" \/>\n<script type=\"application\/ld+json\" class=\"yoast-schema-graph\">{\"@context\":\"https:\/\/schema.org\",\"@graph\":[{\"@type\":\"WebPage\",\"@id\":\"https:\/\/chemmax.pl\/sklep\/produkt\/ekolux-do-25l\/\",\"url\":\"https:\/\/chemmax.pl\/sklep\/produkt\/ekolux-do-25l\/\",\"name\":\"Ekolux DO 25L - Sklep Chemmax\",\"isPartOf\":{\"@id\":\"https:\/\/chemmax.pl\/sklep\/#website\"},\"primaryImageOfPage\":{\"@id\":\"https:\/\/chemmax.pl\/sklep\/produkt\/ekolux-do-25l\/#primaryimage\"},\"image\":{\"@id\":\"https:\/\/chemmax.pl\/sklep\/produkt\/ekolux-do-25l\/#primaryimage\"},\"thumbnailUrl\":\"https:\/\/chemmax.pl\/sklep\/wp-content\/uploads\/2021\/12\/Ekolux-DO-25l-preparat-do-dezynfekcji-obiektow.jpg\",\"datePublished\":\"2022-03-23T10:26:25+00:00\",\"dateModified\":\"2023-09-20T13:23:51+00:00\",\"breadcrumb\":{\"@id\":\"https:\/\/chemmax.pl\/sklep\/produkt\/ekolux-do-25l\/#breadcrumb\"},\"inLanguage\":\"pl-PL\",\"potentialAction\":[{\"@type\":\"ReadAction\",\"target\":[\"https:\/\/chemmax.pl\/sklep\/produkt\/ekolux-do-25l\/\"]}]},{\"@type\":\"ImageObject\",\"inLanguage\":\"pl-PL\",\"@id\":\"https:\/\/chemmax.pl\/sklep\/produkt\/ekolux-do-25l\/#primaryimage\",\"url\":\"https:\/\/chemmax.pl\/sklep\/wp-content\/uploads\/2021\/12\/Ekolux-DO-25l-preparat-do-dezynfekcji-obiektow.jpg\",\"contentUrl\":\"https:\/\/chemmax.pl\/sklep\/wp-content\/uploads\/2021\/12\/Ekolux-DO-25l-preparat-do-dezynfekcji-obiektow.jpg\",\"width\":800,\"height\":534},{\"@type\":\"BreadcrumbList\",\"@id\":\"https:\/\/chemmax.pl\/sklep\/produkt\/ekolux-do-25l\/#breadcrumb\",\"itemListElement\":[{\"@type\":\"ListItem\",\"position\":1,\"name\":\"Strona g\u0142\u00f3wna\",\"item\":\"https:\/\/chemmax.pl\/sklep\/\"},{\"@type\":\"ListItem\",\"position\":2,\"name\":\"Oferta produktowa\",\"item\":\"https:\/\/chemmax.pl\/sklep\/oferta-produktowa\/\"},{\"@type\":\"ListItem\",\"position\":3,\"name\":\"Ekolux DO 25L\"}]},{\"@type\":\"WebSite\",\"@id\":\"https:\/\/chemmax.pl\/sklep\/#website\",\"url\":\"https:\/\/chemmax.pl\/sklep\/\",\"name\":\"Sklep Chemmax\",\"description\":\"Kolejna witryna WordPress\",\"publisher\":{\"@id\":\"https:\/\/chemmax.pl\/sklep\/#organization\"},\"potentialAction\":[{\"@type\":\"SearchAction\",\"target\":{\"@type\":\"EntryPoint\",\"urlTemplate\":\"https:\/\/chemmax.pl\/sklep\/?s={search_term_string}\"},\"query-input\":{\"@type\":\"PropertyValueSpecification\",\"valueRequired\":true,\"valueName\":\"search_term_string\"}}],\"inLanguage\":\"pl-PL\"},{\"@type\":\"Organization\",\"@id\":\"https:\/\/chemmax.pl\/sklep\/#organization\",\"name\":\"Sklep Chemmax\",\"url\":\"https:\/\/chemmax.pl\/sklep\/\",\"logo\":{\"@type\":\"ImageObject\",\"inLanguage\":\"pl-PL\",\"@id\":\"https:\/\/chemmax.pl\/sklep\/#\/schema\/logo\/image\/\",\"url\":\"https:\/\/chemmax.pl\/sklep\/wp-content\/uploads\/2021\/12\/logo.png\",\"contentUrl\":\"https:\/\/chemmax.pl\/sklep\/wp-content\/uploads\/2021\/12\/logo.png\",\"width\":177,\"height\":52,\"caption\":\"Sklep Chemmax\"},\"image\":{\"@id\":\"https:\/\/chemmax.pl\/sklep\/#\/schema\/logo\/image\/\"}}]}<\/script>\n<!-- \/ Yoast SEO plugin. -->","yoast_head_json":{"title":"Ekolux DO 25L - Sklep Chemmax","robots":{"index":"index","follow":"follow","max-snippet":"max-snippet:-1","max-image-preview":"max-image-preview:large","max-video-preview":"max-video-preview:-1"},"canonical":"https:\/\/chemmax.pl\/sklep\/produkt\/ekolux-do-25l\/","og_locale":"pl_PL","og_type":"article","og_title":"Ekolux DO 25L - Sklep Chemmax","og_description":"Dezynfekcja obiekt\u00f3w","og_url":"https:\/\/chemmax.pl\/sklep\/produkt\/ekolux-do-25l\/","og_site_name":"Sklep Chemmax","article_modified_time":"2023-09-20T13:23:51+00:00","og_image":[{"width":800,"height":534,"url":"https:\/\/chemmax.pl\/sklep\/wp-content\/uploads\/2021\/12\/Ekolux-DO-25l-preparat-do-dezynfekcji-obiektow.jpg","type":"image\/jpeg"}],"twitter_card":"summary_large_image","twitter_misc":{"Szacowany czas czytania":"1 minuta"},"schema":{"@context":"https:\/\/schema.org","@graph":[{"@type":"WebPage","@id":"https:\/\/chemmax.pl\/sklep\/produkt\/ekolux-do-25l\/","url":"https:\/\/chemmax.pl\/sklep\/produkt\/ekolux-do-25l\/","name":"Ekolux DO 25L - Sklep Chemmax","isPartOf":{"@id":"https:\/\/chemmax.pl\/sklep\/#website"},"primaryImageOfPage":{"@id":"https:\/\/chemmax.pl\/sklep\/produkt\/ekolux-do-25l\/#primaryimage"},"image":{"@id":"https:\/\/chemmax.pl\/sklep\/produkt\/ekolux-do-25l\/#primaryimage"},"thumbnailUrl":"https:\/\/chemmax.pl\/sklep\/wp-content\/uploads\/2021\/12\/Ekolux-DO-25l-preparat-do-dezynfekcji-obiektow.jpg","datePublished":"2022-03-23T10:26:25+00:00","dateModified":"2023-09-20T13:23:51+00:00","breadcrumb":{"@id":"https:\/\/chemmax.pl\/sklep\/produkt\/ekolux-do-25l\/#breadcrumb"},"inLanguage":"pl-PL","potentialAction":[{"@type":"ReadAction","target":["https:\/\/chemmax.pl\/sklep\/produkt\/ekolux-do-25l\/"]}]},{"@type":"ImageObject","inLanguage":"pl-PL","@id":"https:\/\/chemmax.pl\/sklep\/produkt\/ekolux-do-25l\/#primaryimage","url":"https:\/\/chemmax.pl\/sklep\/wp-content\/uploads\/2021\/12\/Ekolux-DO-25l-preparat-do-dezynfekcji-obiektow.jpg","contentUrl":"https:\/\/chemmax.pl\/sklep\/wp-content\/uploads\/2021\/12\/Ekolux-DO-25l-preparat-do-dezynfekcji-obiektow.jpg","width":800,"height":534},{"@type":"BreadcrumbList","@id":"https:\/\/chemmax.pl\/sklep\/produkt\/ekolux-do-25l\/#breadcrumb","itemListElement":[{"@type":"ListItem","position":1,"name":"Strona g\u0142\u00f3wna","item":"https:\/\/chemmax.pl\/sklep\/"},{"@type":"ListItem","position":2,"name":"Oferta produktowa","item":"https:\/\/chemmax.pl\/sklep\/oferta-produktowa\/"},{"@type":"ListItem","position":3,"name":"Ekolux DO 25L"}]},{"@type":"WebSite","@id":"https:\/\/chemmax.pl\/sklep\/#website","url":"https:\/\/chemmax.pl\/sklep\/","name":"Sklep Chemmax","description":"Kolejna witryna WordPress","publisher":{"@id":"https:\/\/chemmax.pl\/sklep\/#organization"},"potentialAction":[{"@type":"SearchAction","target":{"@type":"EntryPoint","urlTemplate":"https:\/\/chemmax.pl\/sklep\/?s={search_term_string}"},"query-input":{"@type":"PropertyValueSpecification","valueRequired":true,"valueName":"search_term_string"}}],"inLanguage":"pl-PL"},{"@type":"Organization","@id":"https:\/\/chemmax.pl\/sklep\/#organization","name":"Sklep Chemmax","url":"https:\/\/chemmax.pl\/sklep\/","logo":{"@type":"ImageObject","inLanguage":"pl-PL","@id":"https:\/\/chemmax.pl\/sklep\/#\/schema\/logo\/image\/","url":"https:\/\/chemmax.pl\/sklep\/wp-content\/uploads\/2021\/12\/logo.png","contentUrl":"https:\/\/chemmax.pl\/sklep\/wp-content\/uploads\/2021\/12\/logo.png","width":177,"height":52,"caption":"Sklep Chemmax"},"image":{"@id":"https:\/\/chemmax.pl\/sklep\/#\/schema\/logo\/image\/"}}]}},"_links":{"self":[{"href":"https:\/\/chemmax.pl\/sklep\/wp-json\/wp\/v2\/product\/1239","targetHints":{"allow":["GET"]}}],"collection":[{"href":"https:\/\/chemmax.pl\/sklep\/wp-json\/wp\/v2\/product"}],"about":[{"href":"https:\/\/chemmax.pl\/sklep\/wp-json\/wp\/v2\/types\/product"}],"replies":[{"embeddable":true,"href":"https:\/\/chemmax.pl\/sklep\/wp-json\/wp\/v2\/comments?post=1239"}],"wp:featuredmedia":[{"embeddable":true,"href":"https:\/\/chemmax.pl\/sklep\/wp-json\/wp\/v2\/media\/1062"}],"wp:attachment":[{"href":"https:\/\/chemmax.pl\/sklep\/wp-json\/wp\/v2\/media?parent=1239"}],"wp:term":[{"taxonomy":"product_brand","embeddable":true,"href":"https:\/\/chemmax.pl\/sklep\/wp-json\/wp\/v2\/product_brand?post=1239"},{"taxonomy":"product_cat","embeddable":true,"href":"https:\/\/chemmax.pl\/sklep\/wp-json\/wp\/v2\/product_cat?post=1239"},{"taxonomy":"product_tag","embeddable":true,"href":"https:\/\/chemmax.pl\/sklep\/wp-json\/wp\/v2\/product_tag?post=1239"}],"curies":[{"name":"wp","href":"https:\/\/api.w.org\/{rel}","templated":true}]}}