{"id":1315,"date":"2022-03-25T09:29:12","date_gmt":"2022-03-25T09:29:12","guid":{"rendered":"https:\/\/chemmax.pl\/sklep\/?post_type=product&#038;p=1315"},"modified":"2023-09-21T06:07:53","modified_gmt":"2023-09-21T06:07:53","slug":"bc-1","status":"publish","type":"product","link":"https:\/\/chemmax.pl\/sklep\/produkt\/bc-1\/","title":{"rendered":"BC 1"},"content":{"rendered":"<h2>\ud83c\udf1f <strong>BC 1 &#8211; Twoje Rozwi\u0105zanie dla Czysto\u015bci i \u015awie\u017co\u015bci!<\/strong> \ud83c\udf1f<\/h2>\n<p>Szukasz efektywnego \u015brodka do usuwania pozosta\u0142o\u015bci po kamieniu, osad\u00f3w (w tym \u015blad\u00f3w po moczu) oraz zapewniaj\u0105cego d\u0142ugotrwa\u0142y \u015bwie\u017cy zapach? BC 1 to produkt, kt\u00f3ry spe\u0142ni Twoje oczekiwania!<\/p>\n<h2>\ud83d\udc8e <strong>Usuwa Pozosta\u0142o\u015bci i Osady<\/strong><\/h2>\n<p>BC 1 dzia\u0142a na bazie substancji czynnych, antybakteryjnych i neutralizuj\u0105cych. Skutecznie usuwa pozosta\u0142o\u015bci po kamieniu i inne osady, pozostawiaj\u0105c powierzchnie czyste i b\u0142yszcz\u0105ce.<\/p>\n<h2>\ud83c\udf2c\ufe0f <strong>\u015awie\u017cy Trwa\u0142y Zapach<\/strong><\/h2>\n<p>Nie tylko oczyszcza, ale tak\u017ce pozostawia \u015bwie\u017cy i trwa\u0142y zapach. Twoje pomieszczenia b\u0119d\u0105 pachnie\u0107 \u015bwie\u017co\u015bci\u0105.<\/p>\n<h2>\ud83d\udeab <strong>Zapobiega Ponownemu Osadzaniu Kamienia<\/strong><\/h2>\n<p>BC 1 zawiera rewelacyjn\u0105 formu\u0142\u0119, kt\u00f3ra zapobiega ponownemu osadzaniu kamienia. Substancja czynna sprawia, \u017ce zwi\u0105zki mineralne sp\u0142ywaj\u0105 z wod\u0105, nie pozostawiaj\u0105c plam.<\/p>\n<h2>\u2728 <strong>\u0141atwe i Skuteczne Utrzymanie Czysto\u015bci<\/strong><\/h2>\n<p>Regularne stosowanie BC 1 umo\u017cliwia utrzymanie czysto\u015bci i po\u0142ysku bez uci\u0105\u017cliwego szorowania i polerowania. To produktem, kt\u00f3ry oszcz\u0119dza Tw\u00f3j czas i zachowuje blask powierzchni.<\/p>\n<p>BC 1 to Twoje rozwi\u0105zanie dla utrzymania czysto\u015bci i \u015bwie\u017co\u015bci. Spr\u00f3buj go teraz i ciesz si\u0119 efektami! \ud83c\udf1f\ud83d\udc8e\ud83c\udf2c\ufe0f\u2728<\/p>\n","protected":false},"excerpt":{"rendered":"<p>\u2022\u00a0\u00a0 \u00a0idealnie nadaje si\u0119 do utrzymania czysto\u015bci w \u0142azience<br \/>\n\u2022\u00a0\u00a0 \u00a0przywraca po\u0142ysk powierzchniom metalowym<br \/>\n\u2022\u00a0\u00a0 \u00a0usuwa uporczywe osady<\/p>\n","protected":false},"featured_media":1598,"comment_status":"open","ping_status":"closed","template":"","meta":[],"product_brand":[],"product_cat":[50],"product_tag":[],"class_list":{"0":"post-1315","1":"product","2":"type-product","3":"status-publish","4":"has-post-thumbnail","6":"product_cat-chemia-gospodarcza","8":"first","9":"instock","10":"taxable","11":"shipping-taxable","12":"purchasable","13":"product-type-variable"},"yoast_head":"<!-- This site is optimized with the Yoast SEO plugin v24.4 - https:\/\/yoast.com\/wordpress\/plugins\/seo\/ -->\n<title>BC 1 - Sklep Chemmax<\/title>\n<meta name=\"robots\" content=\"index, follow, max-snippet:-1, max-image-preview:large, max-video-preview:-1\" \/>\n<link rel=\"canonical\" href=\"https:\/\/chemmax.pl\/sklep\/produkt\/bc-1\/\" \/>\n<meta property=\"og:locale\" content=\"pl_PL\" \/>\n<meta property=\"og:type\" content=\"article\" \/>\n<meta property=\"og:title\" content=\"BC 1 - Sklep Chemmax\" \/>\n<meta property=\"og:description\" content=\"\u2022\u00a0\u00a0 \u00a0idealnie nadaje si\u0119 do utrzymania czysto\u015bci w \u0142azience \u2022\u00a0\u00a0 \u00a0przywraca po\u0142ysk powierzchniom metalowym \u2022\u00a0\u00a0 \u00a0usuwa uporczywe osady\" \/>\n<meta property=\"og:url\" content=\"https:\/\/chemmax.pl\/sklep\/produkt\/bc-1\/\" \/>\n<meta property=\"og:site_name\" content=\"Sklep Chemmax\" \/>\n<meta property=\"article:modified_time\" content=\"2023-09-21T06:07:53+00:00\" \/>\n<meta property=\"og:image\" content=\"https:\/\/chemmax.pl\/sklep\/wp-content\/uploads\/2023\/09\/bc1-sanitarreiniger-chemmax-sklep.jpg\" \/>\n\t<meta property=\"og:image:width\" content=\"366\" \/>\n\t<meta property=\"og:image:height\" content=\"779\" \/>\n\t<meta property=\"og:image:type\" content=\"image\/jpeg\" \/>\n<meta name=\"twitter:card\" content=\"summary_large_image\" \/>\n<meta name=\"twitter:label1\" content=\"Szacowany czas czytania\" \/>\n\t<meta name=\"twitter:data1\" content=\"1 minuta\" \/>\n<script type=\"application\/ld+json\" class=\"yoast-schema-graph\">{\"@context\":\"https:\/\/schema.org\",\"@graph\":[{\"@type\":\"WebPage\",\"@id\":\"https:\/\/chemmax.pl\/sklep\/produkt\/bc-1\/\",\"url\":\"https:\/\/chemmax.pl\/sklep\/produkt\/bc-1\/\",\"name\":\"BC 1 - Sklep Chemmax\",\"isPartOf\":{\"@id\":\"https:\/\/chemmax.pl\/sklep\/#website\"},\"primaryImageOfPage\":{\"@id\":\"https:\/\/chemmax.pl\/sklep\/produkt\/bc-1\/#primaryimage\"},\"image\":{\"@id\":\"https:\/\/chemmax.pl\/sklep\/produkt\/bc-1\/#primaryimage\"},\"thumbnailUrl\":\"https:\/\/chemmax.pl\/sklep\/wp-content\/uploads\/2023\/09\/bc1-sanitarreiniger-chemmax-sklep.jpg\",\"datePublished\":\"2022-03-25T09:29:12+00:00\",\"dateModified\":\"2023-09-21T06:07:53+00:00\",\"breadcrumb\":{\"@id\":\"https:\/\/chemmax.pl\/sklep\/produkt\/bc-1\/#breadcrumb\"},\"inLanguage\":\"pl-PL\",\"potentialAction\":[{\"@type\":\"ReadAction\",\"target\":[\"https:\/\/chemmax.pl\/sklep\/produkt\/bc-1\/\"]}]},{\"@type\":\"ImageObject\",\"inLanguage\":\"pl-PL\",\"@id\":\"https:\/\/chemmax.pl\/sklep\/produkt\/bc-1\/#primaryimage\",\"url\":\"https:\/\/chemmax.pl\/sklep\/wp-content\/uploads\/2023\/09\/bc1-sanitarreiniger-chemmax-sklep.jpg\",\"contentUrl\":\"https:\/\/chemmax.pl\/sklep\/wp-content\/uploads\/2023\/09\/bc1-sanitarreiniger-chemmax-sklep.jpg\",\"width\":366,\"height\":779},{\"@type\":\"BreadcrumbList\",\"@id\":\"https:\/\/chemmax.pl\/sklep\/produkt\/bc-1\/#breadcrumb\",\"itemListElement\":[{\"@type\":\"ListItem\",\"position\":1,\"name\":\"Strona g\u0142\u00f3wna\",\"item\":\"https:\/\/chemmax.pl\/sklep\/\"},{\"@type\":\"ListItem\",\"position\":2,\"name\":\"Oferta produktowa\",\"item\":\"https:\/\/chemmax.pl\/sklep\/oferta-produktowa\/\"},{\"@type\":\"ListItem\",\"position\":3,\"name\":\"BC 1\"}]},{\"@type\":\"WebSite\",\"@id\":\"https:\/\/chemmax.pl\/sklep\/#website\",\"url\":\"https:\/\/chemmax.pl\/sklep\/\",\"name\":\"Sklep Chemmax\",\"description\":\"Kolejna witryna WordPress\",\"publisher\":{\"@id\":\"https:\/\/chemmax.pl\/sklep\/#organization\"},\"potentialAction\":[{\"@type\":\"SearchAction\",\"target\":{\"@type\":\"EntryPoint\",\"urlTemplate\":\"https:\/\/chemmax.pl\/sklep\/?s={search_term_string}\"},\"query-input\":{\"@type\":\"PropertyValueSpecification\",\"valueRequired\":true,\"valueName\":\"search_term_string\"}}],\"inLanguage\":\"pl-PL\"},{\"@type\":\"Organization\",\"@id\":\"https:\/\/chemmax.pl\/sklep\/#organization\",\"name\":\"Sklep Chemmax\",\"url\":\"https:\/\/chemmax.pl\/sklep\/\",\"logo\":{\"@type\":\"ImageObject\",\"inLanguage\":\"pl-PL\",\"@id\":\"https:\/\/chemmax.pl\/sklep\/#\/schema\/logo\/image\/\",\"url\":\"https:\/\/chemmax.pl\/sklep\/wp-content\/uploads\/2021\/12\/logo.png\",\"contentUrl\":\"https:\/\/chemmax.pl\/sklep\/wp-content\/uploads\/2021\/12\/logo.png\",\"width\":177,\"height\":52,\"caption\":\"Sklep Chemmax\"},\"image\":{\"@id\":\"https:\/\/chemmax.pl\/sklep\/#\/schema\/logo\/image\/\"}}]}<\/script>\n<!-- \/ Yoast SEO plugin. -->","yoast_head_json":{"title":"BC 1 - Sklep Chemmax","robots":{"index":"index","follow":"follow","max-snippet":"max-snippet:-1","max-image-preview":"max-image-preview:large","max-video-preview":"max-video-preview:-1"},"canonical":"https:\/\/chemmax.pl\/sklep\/produkt\/bc-1\/","og_locale":"pl_PL","og_type":"article","og_title":"BC 1 - Sklep Chemmax","og_description":"\u2022\u00a0\u00a0 \u00a0idealnie nadaje si\u0119 do utrzymania czysto\u015bci w \u0142azience \u2022\u00a0\u00a0 \u00a0przywraca po\u0142ysk powierzchniom metalowym \u2022\u00a0\u00a0 \u00a0usuwa uporczywe osady","og_url":"https:\/\/chemmax.pl\/sklep\/produkt\/bc-1\/","og_site_name":"Sklep Chemmax","article_modified_time":"2023-09-21T06:07:53+00:00","og_image":[{"width":366,"height":779,"url":"https:\/\/chemmax.pl\/sklep\/wp-content\/uploads\/2023\/09\/bc1-sanitarreiniger-chemmax-sklep.jpg","type":"image\/jpeg"}],"twitter_card":"summary_large_image","twitter_misc":{"Szacowany czas czytania":"1 minuta"},"schema":{"@context":"https:\/\/schema.org","@graph":[{"@type":"WebPage","@id":"https:\/\/chemmax.pl\/sklep\/produkt\/bc-1\/","url":"https:\/\/chemmax.pl\/sklep\/produkt\/bc-1\/","name":"BC 1 - Sklep Chemmax","isPartOf":{"@id":"https:\/\/chemmax.pl\/sklep\/#website"},"primaryImageOfPage":{"@id":"https:\/\/chemmax.pl\/sklep\/produkt\/bc-1\/#primaryimage"},"image":{"@id":"https:\/\/chemmax.pl\/sklep\/produkt\/bc-1\/#primaryimage"},"thumbnailUrl":"https:\/\/chemmax.pl\/sklep\/wp-content\/uploads\/2023\/09\/bc1-sanitarreiniger-chemmax-sklep.jpg","datePublished":"2022-03-25T09:29:12+00:00","dateModified":"2023-09-21T06:07:53+00:00","breadcrumb":{"@id":"https:\/\/chemmax.pl\/sklep\/produkt\/bc-1\/#breadcrumb"},"inLanguage":"pl-PL","potentialAction":[{"@type":"ReadAction","target":["https:\/\/chemmax.pl\/sklep\/produkt\/bc-1\/"]}]},{"@type":"ImageObject","inLanguage":"pl-PL","@id":"https:\/\/chemmax.pl\/sklep\/produkt\/bc-1\/#primaryimage","url":"https:\/\/chemmax.pl\/sklep\/wp-content\/uploads\/2023\/09\/bc1-sanitarreiniger-chemmax-sklep.jpg","contentUrl":"https:\/\/chemmax.pl\/sklep\/wp-content\/uploads\/2023\/09\/bc1-sanitarreiniger-chemmax-sklep.jpg","width":366,"height":779},{"@type":"BreadcrumbList","@id":"https:\/\/chemmax.pl\/sklep\/produkt\/bc-1\/#breadcrumb","itemListElement":[{"@type":"ListItem","position":1,"name":"Strona g\u0142\u00f3wna","item":"https:\/\/chemmax.pl\/sklep\/"},{"@type":"ListItem","position":2,"name":"Oferta produktowa","item":"https:\/\/chemmax.pl\/sklep\/oferta-produktowa\/"},{"@type":"ListItem","position":3,"name":"BC 1"}]},{"@type":"WebSite","@id":"https:\/\/chemmax.pl\/sklep\/#website","url":"https:\/\/chemmax.pl\/sklep\/","name":"Sklep Chemmax","description":"Kolejna witryna WordPress","publisher":{"@id":"https:\/\/chemmax.pl\/sklep\/#organization"},"potentialAction":[{"@type":"SearchAction","target":{"@type":"EntryPoint","urlTemplate":"https:\/\/chemmax.pl\/sklep\/?s={search_term_string}"},"query-input":{"@type":"PropertyValueSpecification","valueRequired":true,"valueName":"search_term_string"}}],"inLanguage":"pl-PL"},{"@type":"Organization","@id":"https:\/\/chemmax.pl\/sklep\/#organization","name":"Sklep Chemmax","url":"https:\/\/chemmax.pl\/sklep\/","logo":{"@type":"ImageObject","inLanguage":"pl-PL","@id":"https:\/\/chemmax.pl\/sklep\/#\/schema\/logo\/image\/","url":"https:\/\/chemmax.pl\/sklep\/wp-content\/uploads\/2021\/12\/logo.png","contentUrl":"https:\/\/chemmax.pl\/sklep\/wp-content\/uploads\/2021\/12\/logo.png","width":177,"height":52,"caption":"Sklep Chemmax"},"image":{"@id":"https:\/\/chemmax.pl\/sklep\/#\/schema\/logo\/image\/"}}]}},"_links":{"self":[{"href":"https:\/\/chemmax.pl\/sklep\/wp-json\/wp\/v2\/product\/1315","targetHints":{"allow":["GET"]}}],"collection":[{"href":"https:\/\/chemmax.pl\/sklep\/wp-json\/wp\/v2\/product"}],"about":[{"href":"https:\/\/chemmax.pl\/sklep\/wp-json\/wp\/v2\/types\/product"}],"replies":[{"embeddable":true,"href":"https:\/\/chemmax.pl\/sklep\/wp-json\/wp\/v2\/comments?post=1315"}],"wp:featuredmedia":[{"embeddable":true,"href":"https:\/\/chemmax.pl\/sklep\/wp-json\/wp\/v2\/media\/1598"}],"wp:attachment":[{"href":"https:\/\/chemmax.pl\/sklep\/wp-json\/wp\/v2\/media?parent=1315"}],"wp:term":[{"taxonomy":"product_brand","embeddable":true,"href":"https:\/\/chemmax.pl\/sklep\/wp-json\/wp\/v2\/product_brand?post=1315"},{"taxonomy":"product_cat","embeddable":true,"href":"https:\/\/chemmax.pl\/sklep\/wp-json\/wp\/v2\/product_cat?post=1315"},{"taxonomy":"product_tag","embeddable":true,"href":"https:\/\/chemmax.pl\/sklep\/wp-json\/wp\/v2\/product_tag?post=1315"}],"curies":[{"name":"wp","href":"https:\/\/api.w.org\/{rel}","templated":true}]}}