{"id":1327,"date":"2022-03-25T10:39:56","date_gmt":"2022-03-25T10:39:56","guid":{"rendered":"https:\/\/chemmax.pl\/sklep\/?post_type=product&#038;p=1327"},"modified":"2024-08-07T08:09:32","modified_gmt":"2024-08-07T08:09:32","slug":"urinex-plus","status":"publish","type":"product","link":"https:\/\/chemmax.pl\/sklep\/produkt\/urinex-plus\/","title":{"rendered":"Urinex plus"},"content":{"rendered":"<h2>\ud83c\udf1f <strong>Urinex plus &#8211; Skuteczne Rozwi\u0105zanie Przeciwko Kamieniowi Moczowemu i Wapiennemu!<\/strong> \ud83c\udf1f<\/h2>\n<p>Potrzebujesz efektywnego i samoczynnie dzia\u0142aj\u0105cego rozpuszczalnika do czyszczenia pisuar\u00f3w, sedes\u00f3w oraz kafli? Poznaj Urinex plus &#8211; tw\u00f3j sprzymierzeniec w walce z kamieniem moczowym i osadami wapiennymi!<\/p>\n<h2>\ud83d\udebd <strong>Dzia\u0142anie Samoczynne<\/strong><\/h2>\n<p>Urinex plus to produkt, kt\u00f3ry dzia\u0142a samoczynnie. Nanosi si\u0119 go na zabrudzone powierzchnie, pozostawia na kr\u00f3tki czas, a nast\u0119pnie sp\u0142ukuje. To proste i skuteczne rozwi\u0105zanie!<\/p>\n<h2>\ud83e\uddfc <strong>Gruntowne Czyszczenie Ceramicznych Urz\u0105dze\u0144 Sanitarnych<\/strong><\/h2>\n<p>Ten p\u0142yn jest przeznaczony do gruntownego czyszczenia ceramicznych urz\u0105dze\u0144 sanitarnych. Dzia\u0142a skutecznie na kamie\u0144 moczowy i osady wapienne, przywracaj\u0105c blask i czysto\u015b\u0107.<\/p>\n<h2>\ud83d\udcaa <strong>Skuteczny i Wydajny<\/strong><\/h2>\n<p>Urinex plus to produkt, kt\u00f3ry wyr\u00f3\u017cnia si\u0119 skuteczno\u015bci\u0105 i wydajno\u015bci\u0105 dzia\u0142ania. Niezale\u017cnie od stopnia zabrudzenia, mo\u017cesz polega\u0107 na jego mocy.<\/p>\n<p>Urinex plus to Twoje rozwi\u0105zanie, kt\u00f3re pomo\u017ce utrzyma\u0107 Twoje urz\u0105dzenia sanitarno-ceramiczne w nieskazitelnej czysto\u015bci. Wypr\u00f3buj go teraz i ciesz si\u0119 efektami! \ud83c\udf1f\ud83d\udebd\ud83e\uddfc\ud83d\udcaa<\/p>\n","protected":false},"excerpt":{"rendered":"<p>\u2022\u00a0\u00a0 \u00a0b\u0142yskawicznie usuwa stare zabrudzenia i zaschni\u0119te<br \/>\npozosta\u0142o\u015bci po moczu i kamieniu wodnym &#8211; r\u00f3wnie\u017c<br \/>\nw niedost\u0119pnych miejscach<br \/>\n\u2022\u00a0\u00a0 \u00a0dzia\u0142a bakteriob\u00f3jczo<br \/>\n\u2022\u00a0\u00a0 \u00a0\u015brodek \u00a0usuwa r\u00f3wnie\u017c rdz\u0119<\/p>\n","protected":false},"featured_media":1600,"comment_status":"open","ping_status":"closed","template":"","meta":[],"product_brand":[],"product_cat":[50],"product_tag":[],"class_list":{"0":"post-1327","1":"product","2":"type-product","3":"status-publish","4":"has-post-thumbnail","6":"product_cat-chemia-gospodarcza","8":"first","9":"outofstock","10":"taxable","11":"shipping-taxable","12":"purchasable","13":"product-type-variable"},"yoast_head":"<!-- This site is optimized with the Yoast SEO plugin v24.4 - https:\/\/yoast.com\/wordpress\/plugins\/seo\/ -->\n<title>Urinex plus - Sklep Chemmax<\/title>\n<meta name=\"robots\" content=\"index, follow, max-snippet:-1, max-image-preview:large, max-video-preview:-1\" \/>\n<link rel=\"canonical\" href=\"https:\/\/chemmax.pl\/sklep\/produkt\/urinex-plus\/\" \/>\n<meta property=\"og:locale\" content=\"pl_PL\" \/>\n<meta property=\"og:type\" content=\"article\" \/>\n<meta property=\"og:title\" content=\"Urinex plus - Sklep Chemmax\" \/>\n<meta property=\"og:description\" content=\"\u2022\u00a0\u00a0 \u00a0b\u0142yskawicznie usuwa stare zabrudzenia i zaschni\u0119te pozosta\u0142o\u015bci po moczu i kamieniu wodnym - r\u00f3wnie\u017c w niedost\u0119pnych miejscach \u2022\u00a0\u00a0 \u00a0dzia\u0142a bakteriob\u00f3jczo \u2022\u00a0\u00a0 \u00a0\u015brodek \u00a0usuwa r\u00f3wnie\u017c rdz\u0119\" \/>\n<meta property=\"og:url\" content=\"https:\/\/chemmax.pl\/sklep\/produkt\/urinex-plus\/\" \/>\n<meta property=\"og:site_name\" content=\"Sklep Chemmax\" \/>\n<meta property=\"article:modified_time\" content=\"2024-08-07T08:09:32+00:00\" \/>\n<meta property=\"og:image\" content=\"https:\/\/chemmax.pl\/sklep\/wp-content\/uploads\/2023\/09\/urinex-plus-chemmax-sklep.jpg\" \/>\n\t<meta property=\"og:image:width\" content=\"368\" \/>\n\t<meta property=\"og:image:height\" content=\"752\" \/>\n\t<meta property=\"og:image:type\" content=\"image\/jpeg\" \/>\n<meta name=\"twitter:card\" content=\"summary_large_image\" \/>\n<meta name=\"twitter:label1\" content=\"Szacowany czas czytania\" \/>\n\t<meta name=\"twitter:data1\" content=\"1 minuta\" \/>\n<script type=\"application\/ld+json\" class=\"yoast-schema-graph\">{\"@context\":\"https:\/\/schema.org\",\"@graph\":[{\"@type\":\"WebPage\",\"@id\":\"https:\/\/chemmax.pl\/sklep\/produkt\/urinex-plus\/\",\"url\":\"https:\/\/chemmax.pl\/sklep\/produkt\/urinex-plus\/\",\"name\":\"Urinex plus - Sklep Chemmax\",\"isPartOf\":{\"@id\":\"https:\/\/chemmax.pl\/sklep\/#website\"},\"primaryImageOfPage\":{\"@id\":\"https:\/\/chemmax.pl\/sklep\/produkt\/urinex-plus\/#primaryimage\"},\"image\":{\"@id\":\"https:\/\/chemmax.pl\/sklep\/produkt\/urinex-plus\/#primaryimage\"},\"thumbnailUrl\":\"https:\/\/chemmax.pl\/sklep\/wp-content\/uploads\/2023\/09\/urinex-plus-chemmax-sklep.jpg\",\"datePublished\":\"2022-03-25T10:39:56+00:00\",\"dateModified\":\"2024-08-07T08:09:32+00:00\",\"breadcrumb\":{\"@id\":\"https:\/\/chemmax.pl\/sklep\/produkt\/urinex-plus\/#breadcrumb\"},\"inLanguage\":\"pl-PL\",\"potentialAction\":[{\"@type\":\"ReadAction\",\"target\":[\"https:\/\/chemmax.pl\/sklep\/produkt\/urinex-plus\/\"]}]},{\"@type\":\"ImageObject\",\"inLanguage\":\"pl-PL\",\"@id\":\"https:\/\/chemmax.pl\/sklep\/produkt\/urinex-plus\/#primaryimage\",\"url\":\"https:\/\/chemmax.pl\/sklep\/wp-content\/uploads\/2023\/09\/urinex-plus-chemmax-sklep.jpg\",\"contentUrl\":\"https:\/\/chemmax.pl\/sklep\/wp-content\/uploads\/2023\/09\/urinex-plus-chemmax-sklep.jpg\",\"width\":368,\"height\":752},{\"@type\":\"BreadcrumbList\",\"@id\":\"https:\/\/chemmax.pl\/sklep\/produkt\/urinex-plus\/#breadcrumb\",\"itemListElement\":[{\"@type\":\"ListItem\",\"position\":1,\"name\":\"Strona g\u0142\u00f3wna\",\"item\":\"https:\/\/chemmax.pl\/sklep\/\"},{\"@type\":\"ListItem\",\"position\":2,\"name\":\"Oferta produktowa\",\"item\":\"https:\/\/chemmax.pl\/sklep\/oferta-produktowa\/\"},{\"@type\":\"ListItem\",\"position\":3,\"name\":\"Urinex plus\"}]},{\"@type\":\"WebSite\",\"@id\":\"https:\/\/chemmax.pl\/sklep\/#website\",\"url\":\"https:\/\/chemmax.pl\/sklep\/\",\"name\":\"Sklep Chemmax\",\"description\":\"Kolejna witryna WordPress\",\"publisher\":{\"@id\":\"https:\/\/chemmax.pl\/sklep\/#organization\"},\"potentialAction\":[{\"@type\":\"SearchAction\",\"target\":{\"@type\":\"EntryPoint\",\"urlTemplate\":\"https:\/\/chemmax.pl\/sklep\/?s={search_term_string}\"},\"query-input\":{\"@type\":\"PropertyValueSpecification\",\"valueRequired\":true,\"valueName\":\"search_term_string\"}}],\"inLanguage\":\"pl-PL\"},{\"@type\":\"Organization\",\"@id\":\"https:\/\/chemmax.pl\/sklep\/#organization\",\"name\":\"Sklep Chemmax\",\"url\":\"https:\/\/chemmax.pl\/sklep\/\",\"logo\":{\"@type\":\"ImageObject\",\"inLanguage\":\"pl-PL\",\"@id\":\"https:\/\/chemmax.pl\/sklep\/#\/schema\/logo\/image\/\",\"url\":\"https:\/\/chemmax.pl\/sklep\/wp-content\/uploads\/2021\/12\/logo.png\",\"contentUrl\":\"https:\/\/chemmax.pl\/sklep\/wp-content\/uploads\/2021\/12\/logo.png\",\"width\":177,\"height\":52,\"caption\":\"Sklep Chemmax\"},\"image\":{\"@id\":\"https:\/\/chemmax.pl\/sklep\/#\/schema\/logo\/image\/\"}}]}<\/script>\n<!-- \/ Yoast SEO plugin. -->","yoast_head_json":{"title":"Urinex plus - Sklep Chemmax","robots":{"index":"index","follow":"follow","max-snippet":"max-snippet:-1","max-image-preview":"max-image-preview:large","max-video-preview":"max-video-preview:-1"},"canonical":"https:\/\/chemmax.pl\/sklep\/produkt\/urinex-plus\/","og_locale":"pl_PL","og_type":"article","og_title":"Urinex plus - Sklep Chemmax","og_description":"\u2022\u00a0\u00a0 \u00a0b\u0142yskawicznie usuwa stare zabrudzenia i zaschni\u0119te pozosta\u0142o\u015bci po moczu i kamieniu wodnym - r\u00f3wnie\u017c w niedost\u0119pnych miejscach \u2022\u00a0\u00a0 \u00a0dzia\u0142a bakteriob\u00f3jczo \u2022\u00a0\u00a0 \u00a0\u015brodek \u00a0usuwa r\u00f3wnie\u017c rdz\u0119","og_url":"https:\/\/chemmax.pl\/sklep\/produkt\/urinex-plus\/","og_site_name":"Sklep Chemmax","article_modified_time":"2024-08-07T08:09:32+00:00","og_image":[{"width":368,"height":752,"url":"https:\/\/chemmax.pl\/sklep\/wp-content\/uploads\/2023\/09\/urinex-plus-chemmax-sklep.jpg","type":"image\/jpeg"}],"twitter_card":"summary_large_image","twitter_misc":{"Szacowany czas czytania":"1 minuta"},"schema":{"@context":"https:\/\/schema.org","@graph":[{"@type":"WebPage","@id":"https:\/\/chemmax.pl\/sklep\/produkt\/urinex-plus\/","url":"https:\/\/chemmax.pl\/sklep\/produkt\/urinex-plus\/","name":"Urinex plus - Sklep Chemmax","isPartOf":{"@id":"https:\/\/chemmax.pl\/sklep\/#website"},"primaryImageOfPage":{"@id":"https:\/\/chemmax.pl\/sklep\/produkt\/urinex-plus\/#primaryimage"},"image":{"@id":"https:\/\/chemmax.pl\/sklep\/produkt\/urinex-plus\/#primaryimage"},"thumbnailUrl":"https:\/\/chemmax.pl\/sklep\/wp-content\/uploads\/2023\/09\/urinex-plus-chemmax-sklep.jpg","datePublished":"2022-03-25T10:39:56+00:00","dateModified":"2024-08-07T08:09:32+00:00","breadcrumb":{"@id":"https:\/\/chemmax.pl\/sklep\/produkt\/urinex-plus\/#breadcrumb"},"inLanguage":"pl-PL","potentialAction":[{"@type":"ReadAction","target":["https:\/\/chemmax.pl\/sklep\/produkt\/urinex-plus\/"]}]},{"@type":"ImageObject","inLanguage":"pl-PL","@id":"https:\/\/chemmax.pl\/sklep\/produkt\/urinex-plus\/#primaryimage","url":"https:\/\/chemmax.pl\/sklep\/wp-content\/uploads\/2023\/09\/urinex-plus-chemmax-sklep.jpg","contentUrl":"https:\/\/chemmax.pl\/sklep\/wp-content\/uploads\/2023\/09\/urinex-plus-chemmax-sklep.jpg","width":368,"height":752},{"@type":"BreadcrumbList","@id":"https:\/\/chemmax.pl\/sklep\/produkt\/urinex-plus\/#breadcrumb","itemListElement":[{"@type":"ListItem","position":1,"name":"Strona g\u0142\u00f3wna","item":"https:\/\/chemmax.pl\/sklep\/"},{"@type":"ListItem","position":2,"name":"Oferta produktowa","item":"https:\/\/chemmax.pl\/sklep\/oferta-produktowa\/"},{"@type":"ListItem","position":3,"name":"Urinex plus"}]},{"@type":"WebSite","@id":"https:\/\/chemmax.pl\/sklep\/#website","url":"https:\/\/chemmax.pl\/sklep\/","name":"Sklep Chemmax","description":"Kolejna witryna WordPress","publisher":{"@id":"https:\/\/chemmax.pl\/sklep\/#organization"},"potentialAction":[{"@type":"SearchAction","target":{"@type":"EntryPoint","urlTemplate":"https:\/\/chemmax.pl\/sklep\/?s={search_term_string}"},"query-input":{"@type":"PropertyValueSpecification","valueRequired":true,"valueName":"search_term_string"}}],"inLanguage":"pl-PL"},{"@type":"Organization","@id":"https:\/\/chemmax.pl\/sklep\/#organization","name":"Sklep Chemmax","url":"https:\/\/chemmax.pl\/sklep\/","logo":{"@type":"ImageObject","inLanguage":"pl-PL","@id":"https:\/\/chemmax.pl\/sklep\/#\/schema\/logo\/image\/","url":"https:\/\/chemmax.pl\/sklep\/wp-content\/uploads\/2021\/12\/logo.png","contentUrl":"https:\/\/chemmax.pl\/sklep\/wp-content\/uploads\/2021\/12\/logo.png","width":177,"height":52,"caption":"Sklep Chemmax"},"image":{"@id":"https:\/\/chemmax.pl\/sklep\/#\/schema\/logo\/image\/"}}]}},"_links":{"self":[{"href":"https:\/\/chemmax.pl\/sklep\/wp-json\/wp\/v2\/product\/1327","targetHints":{"allow":["GET"]}}],"collection":[{"href":"https:\/\/chemmax.pl\/sklep\/wp-json\/wp\/v2\/product"}],"about":[{"href":"https:\/\/chemmax.pl\/sklep\/wp-json\/wp\/v2\/types\/product"}],"replies":[{"embeddable":true,"href":"https:\/\/chemmax.pl\/sklep\/wp-json\/wp\/v2\/comments?post=1327"}],"wp:featuredmedia":[{"embeddable":true,"href":"https:\/\/chemmax.pl\/sklep\/wp-json\/wp\/v2\/media\/1600"}],"wp:attachment":[{"href":"https:\/\/chemmax.pl\/sklep\/wp-json\/wp\/v2\/media?parent=1327"}],"wp:term":[{"taxonomy":"product_brand","embeddable":true,"href":"https:\/\/chemmax.pl\/sklep\/wp-json\/wp\/v2\/product_brand?post=1327"},{"taxonomy":"product_cat","embeddable":true,"href":"https:\/\/chemmax.pl\/sklep\/wp-json\/wp\/v2\/product_cat?post=1327"},{"taxonomy":"product_tag","embeddable":true,"href":"https:\/\/chemmax.pl\/sklep\/wp-json\/wp\/v2\/product_tag?post=1327"}],"curies":[{"name":"wp","href":"https:\/\/api.w.org\/{rel}","templated":true}]}}