{"id":1388,"date":"2022-03-25T11:21:49","date_gmt":"2022-03-25T11:21:49","guid":{"rendered":"https:\/\/chemmax.pl\/sklep\/?post_type=product&#038;p=1388"},"modified":"2023-09-20T13:16:15","modified_gmt":"2023-09-20T13:16:15","slug":"tepichshampoo-1l","status":"publish","type":"product","link":"https:\/\/chemmax.pl\/sklep\/produkt\/tepichshampoo-1l\/","title":{"rendered":"Tepichshampoo 1l"},"content":{"rendered":"<h2>\ud83c\udf1f <strong>Tepichshampoo &#8211; Od\u015bwie\u017c Swoje Wyk\u0142adziny i Tapicerk\u0119!<\/strong> \ud83c\udf1f<\/h2>\n<p>Szukasz efektywnego rozwi\u0105zania do piel\u0119gnacji swoich wyk\u0142adzin i tapicerki? Poznaj Tepichshampoo &#8211; skoncentrowany i rozcie\u0144czony, idealny do stosowania na wszystkich wyk\u0142adzinach i obiciach tekstylnych.<\/p>\n<h2>\ud83e\uddfd <strong>Usuwa Zanieczyszczenia<\/strong><\/h2>\n<p>Tepichshampoo skutecznie usuwa wszelkiego rodzaju zanieczyszczenia z wyk\u0142adzin, dywan\u00f3w, tapicerki, pokrowc\u00f3w i siedze\u0144 samochodowych. Niezale\u017cnie od rodzaju plam, po brudzie czy wodzie, ten produkt doskonale sobie radzi.<\/p>\n<h2>\ud83c\udfa8 <strong>Od\u015bwie\u017ca Kolory<\/strong><\/h2>\n<p>Nie tylko usuwa plamy, ale tak\u017ce od\u015bwie\u017ca kolory. Twoje wyk\u0142adziny i tapicerka b\u0119d\u0105 wygl\u0105da\u0107 jak nowe, a ich kolory nabior\u0105 intensywno\u015bci.<\/p>\n<h2>\u26a1 <strong>Zawiera Dodatek Antystatyczny<\/strong><\/h2>\n<p>Dodatkowym atutem Tepichshampoo jest obecno\u015b\u0107 antystatycznego sk\u0142adnika, kt\u00f3ry zapobiega gromadzeniu si\u0119 elektryczno\u015bci statycznej na powierzchniach tekstylnych.<\/p>\n<p>Niezale\u017cnie od rodzaju zanieczyszcze\u0144, Tepichshampoo to odpowied\u017a na Twoje potrzeby piel\u0119gnacji wyk\u0142adzin i tapicerki. Odkryj skuteczno\u015b\u0107 i od\u015bwie\u017cenie dzi\u0119ki Tepichshampoo! \ud83c\udf1f\ud83e\uddfd\ud83c\udfa8\u26a1<\/p>\n","protected":false},"excerpt":{"rendered":"<p>\u2022\u00a0 \u00a0 jest wydajny i skuteczny<br \/>\n\u2022\u00a0\u00a0 \u00a0nie odbarwia mytej powierzchni<br \/>\n\u2022\u00a0\u00a0 \u00a0neutralizuje nieprzyjemny zapach, od\u015bwie\u017ca<\/p>\n","protected":false},"featured_media":1389,"comment_status":"open","ping_status":"closed","template":"","meta":[],"product_brand":[],"product_cat":[50],"product_tag":[],"class_list":{"0":"post-1388","1":"product","2":"type-product","3":"status-publish","4":"has-post-thumbnail","6":"product_cat-chemia-gospodarcza","8":"first","9":"instock","10":"taxable","11":"shipping-taxable","12":"purchasable","13":"product-type-simple"},"yoast_head":"<!-- This site is optimized with the Yoast SEO plugin v24.4 - https:\/\/yoast.com\/wordpress\/plugins\/seo\/ -->\n<title>Tepichshampoo 1l - Sklep Chemmax<\/title>\n<meta name=\"robots\" content=\"index, follow, max-snippet:-1, max-image-preview:large, max-video-preview:-1\" \/>\n<link rel=\"canonical\" href=\"https:\/\/chemmax.pl\/sklep\/produkt\/tepichshampoo-1l\/\" \/>\n<meta property=\"og:locale\" content=\"pl_PL\" \/>\n<meta property=\"og:type\" content=\"article\" \/>\n<meta property=\"og:title\" content=\"Tepichshampoo 1l - Sklep Chemmax\" \/>\n<meta property=\"og:description\" content=\"\u2022\u00a0 \u00a0 jest wydajny i skuteczny \u2022\u00a0\u00a0 \u00a0nie odbarwia mytej powierzchni \u2022\u00a0\u00a0 \u00a0neutralizuje nieprzyjemny zapach, od\u015bwie\u017ca\" \/>\n<meta property=\"og:url\" content=\"https:\/\/chemmax.pl\/sklep\/produkt\/tepichshampoo-1l\/\" \/>\n<meta property=\"og:site_name\" content=\"Sklep Chemmax\" \/>\n<meta property=\"article:modified_time\" content=\"2023-09-20T13:16:15+00:00\" \/>\n<meta property=\"og:image\" content=\"https:\/\/chemmax.pl\/sklep\/wp-content\/uploads\/2022\/03\/15854527_101019.jpg\" \/>\n\t<meta property=\"og:image:width\" content=\"800\" \/>\n\t<meta property=\"og:image:height\" content=\"534\" \/>\n\t<meta property=\"og:image:type\" content=\"image\/jpeg\" \/>\n<meta name=\"twitter:card\" content=\"summary_large_image\" \/>\n<meta name=\"twitter:label1\" content=\"Szacowany czas czytania\" \/>\n\t<meta name=\"twitter:data1\" content=\"1 minuta\" \/>\n<script type=\"application\/ld+json\" class=\"yoast-schema-graph\">{\"@context\":\"https:\/\/schema.org\",\"@graph\":[{\"@type\":\"WebPage\",\"@id\":\"https:\/\/chemmax.pl\/sklep\/produkt\/tepichshampoo-1l\/\",\"url\":\"https:\/\/chemmax.pl\/sklep\/produkt\/tepichshampoo-1l\/\",\"name\":\"Tepichshampoo 1l - Sklep Chemmax\",\"isPartOf\":{\"@id\":\"https:\/\/chemmax.pl\/sklep\/#website\"},\"primaryImageOfPage\":{\"@id\":\"https:\/\/chemmax.pl\/sklep\/produkt\/tepichshampoo-1l\/#primaryimage\"},\"image\":{\"@id\":\"https:\/\/chemmax.pl\/sklep\/produkt\/tepichshampoo-1l\/#primaryimage\"},\"thumbnailUrl\":\"https:\/\/chemmax.pl\/sklep\/wp-content\/uploads\/2022\/03\/15854527_101019.jpg\",\"datePublished\":\"2022-03-25T11:21:49+00:00\",\"dateModified\":\"2023-09-20T13:16:15+00:00\",\"breadcrumb\":{\"@id\":\"https:\/\/chemmax.pl\/sklep\/produkt\/tepichshampoo-1l\/#breadcrumb\"},\"inLanguage\":\"pl-PL\",\"potentialAction\":[{\"@type\":\"ReadAction\",\"target\":[\"https:\/\/chemmax.pl\/sklep\/produkt\/tepichshampoo-1l\/\"]}]},{\"@type\":\"ImageObject\",\"inLanguage\":\"pl-PL\",\"@id\":\"https:\/\/chemmax.pl\/sklep\/produkt\/tepichshampoo-1l\/#primaryimage\",\"url\":\"https:\/\/chemmax.pl\/sklep\/wp-content\/uploads\/2022\/03\/15854527_101019.jpg\",\"contentUrl\":\"https:\/\/chemmax.pl\/sklep\/wp-content\/uploads\/2022\/03\/15854527_101019.jpg\",\"width\":800,\"height\":534},{\"@type\":\"BreadcrumbList\",\"@id\":\"https:\/\/chemmax.pl\/sklep\/produkt\/tepichshampoo-1l\/#breadcrumb\",\"itemListElement\":[{\"@type\":\"ListItem\",\"position\":1,\"name\":\"Strona g\u0142\u00f3wna\",\"item\":\"https:\/\/chemmax.pl\/sklep\/\"},{\"@type\":\"ListItem\",\"position\":2,\"name\":\"Oferta produktowa\",\"item\":\"https:\/\/chemmax.pl\/sklep\/oferta-produktowa\/\"},{\"@type\":\"ListItem\",\"position\":3,\"name\":\"Tepichshampoo 1l\"}]},{\"@type\":\"WebSite\",\"@id\":\"https:\/\/chemmax.pl\/sklep\/#website\",\"url\":\"https:\/\/chemmax.pl\/sklep\/\",\"name\":\"Sklep Chemmax\",\"description\":\"Kolejna witryna WordPress\",\"publisher\":{\"@id\":\"https:\/\/chemmax.pl\/sklep\/#organization\"},\"potentialAction\":[{\"@type\":\"SearchAction\",\"target\":{\"@type\":\"EntryPoint\",\"urlTemplate\":\"https:\/\/chemmax.pl\/sklep\/?s={search_term_string}\"},\"query-input\":{\"@type\":\"PropertyValueSpecification\",\"valueRequired\":true,\"valueName\":\"search_term_string\"}}],\"inLanguage\":\"pl-PL\"},{\"@type\":\"Organization\",\"@id\":\"https:\/\/chemmax.pl\/sklep\/#organization\",\"name\":\"Sklep Chemmax\",\"url\":\"https:\/\/chemmax.pl\/sklep\/\",\"logo\":{\"@type\":\"ImageObject\",\"inLanguage\":\"pl-PL\",\"@id\":\"https:\/\/chemmax.pl\/sklep\/#\/schema\/logo\/image\/\",\"url\":\"https:\/\/chemmax.pl\/sklep\/wp-content\/uploads\/2021\/12\/logo.png\",\"contentUrl\":\"https:\/\/chemmax.pl\/sklep\/wp-content\/uploads\/2021\/12\/logo.png\",\"width\":177,\"height\":52,\"caption\":\"Sklep Chemmax\"},\"image\":{\"@id\":\"https:\/\/chemmax.pl\/sklep\/#\/schema\/logo\/image\/\"}}]}<\/script>\n<!-- \/ Yoast SEO plugin. -->","yoast_head_json":{"title":"Tepichshampoo 1l - Sklep Chemmax","robots":{"index":"index","follow":"follow","max-snippet":"max-snippet:-1","max-image-preview":"max-image-preview:large","max-video-preview":"max-video-preview:-1"},"canonical":"https:\/\/chemmax.pl\/sklep\/produkt\/tepichshampoo-1l\/","og_locale":"pl_PL","og_type":"article","og_title":"Tepichshampoo 1l - Sklep Chemmax","og_description":"\u2022\u00a0 \u00a0 jest wydajny i skuteczny \u2022\u00a0\u00a0 \u00a0nie odbarwia mytej powierzchni \u2022\u00a0\u00a0 \u00a0neutralizuje nieprzyjemny zapach, od\u015bwie\u017ca","og_url":"https:\/\/chemmax.pl\/sklep\/produkt\/tepichshampoo-1l\/","og_site_name":"Sklep Chemmax","article_modified_time":"2023-09-20T13:16:15+00:00","og_image":[{"width":800,"height":534,"url":"https:\/\/chemmax.pl\/sklep\/wp-content\/uploads\/2022\/03\/15854527_101019.jpg","type":"image\/jpeg"}],"twitter_card":"summary_large_image","twitter_misc":{"Szacowany czas czytania":"1 minuta"},"schema":{"@context":"https:\/\/schema.org","@graph":[{"@type":"WebPage","@id":"https:\/\/chemmax.pl\/sklep\/produkt\/tepichshampoo-1l\/","url":"https:\/\/chemmax.pl\/sklep\/produkt\/tepichshampoo-1l\/","name":"Tepichshampoo 1l - Sklep Chemmax","isPartOf":{"@id":"https:\/\/chemmax.pl\/sklep\/#website"},"primaryImageOfPage":{"@id":"https:\/\/chemmax.pl\/sklep\/produkt\/tepichshampoo-1l\/#primaryimage"},"image":{"@id":"https:\/\/chemmax.pl\/sklep\/produkt\/tepichshampoo-1l\/#primaryimage"},"thumbnailUrl":"https:\/\/chemmax.pl\/sklep\/wp-content\/uploads\/2022\/03\/15854527_101019.jpg","datePublished":"2022-03-25T11:21:49+00:00","dateModified":"2023-09-20T13:16:15+00:00","breadcrumb":{"@id":"https:\/\/chemmax.pl\/sklep\/produkt\/tepichshampoo-1l\/#breadcrumb"},"inLanguage":"pl-PL","potentialAction":[{"@type":"ReadAction","target":["https:\/\/chemmax.pl\/sklep\/produkt\/tepichshampoo-1l\/"]}]},{"@type":"ImageObject","inLanguage":"pl-PL","@id":"https:\/\/chemmax.pl\/sklep\/produkt\/tepichshampoo-1l\/#primaryimage","url":"https:\/\/chemmax.pl\/sklep\/wp-content\/uploads\/2022\/03\/15854527_101019.jpg","contentUrl":"https:\/\/chemmax.pl\/sklep\/wp-content\/uploads\/2022\/03\/15854527_101019.jpg","width":800,"height":534},{"@type":"BreadcrumbList","@id":"https:\/\/chemmax.pl\/sklep\/produkt\/tepichshampoo-1l\/#breadcrumb","itemListElement":[{"@type":"ListItem","position":1,"name":"Strona g\u0142\u00f3wna","item":"https:\/\/chemmax.pl\/sklep\/"},{"@type":"ListItem","position":2,"name":"Oferta produktowa","item":"https:\/\/chemmax.pl\/sklep\/oferta-produktowa\/"},{"@type":"ListItem","position":3,"name":"Tepichshampoo 1l"}]},{"@type":"WebSite","@id":"https:\/\/chemmax.pl\/sklep\/#website","url":"https:\/\/chemmax.pl\/sklep\/","name":"Sklep Chemmax","description":"Kolejna witryna WordPress","publisher":{"@id":"https:\/\/chemmax.pl\/sklep\/#organization"},"potentialAction":[{"@type":"SearchAction","target":{"@type":"EntryPoint","urlTemplate":"https:\/\/chemmax.pl\/sklep\/?s={search_term_string}"},"query-input":{"@type":"PropertyValueSpecification","valueRequired":true,"valueName":"search_term_string"}}],"inLanguage":"pl-PL"},{"@type":"Organization","@id":"https:\/\/chemmax.pl\/sklep\/#organization","name":"Sklep Chemmax","url":"https:\/\/chemmax.pl\/sklep\/","logo":{"@type":"ImageObject","inLanguage":"pl-PL","@id":"https:\/\/chemmax.pl\/sklep\/#\/schema\/logo\/image\/","url":"https:\/\/chemmax.pl\/sklep\/wp-content\/uploads\/2021\/12\/logo.png","contentUrl":"https:\/\/chemmax.pl\/sklep\/wp-content\/uploads\/2021\/12\/logo.png","width":177,"height":52,"caption":"Sklep Chemmax"},"image":{"@id":"https:\/\/chemmax.pl\/sklep\/#\/schema\/logo\/image\/"}}]}},"_links":{"self":[{"href":"https:\/\/chemmax.pl\/sklep\/wp-json\/wp\/v2\/product\/1388","targetHints":{"allow":["GET"]}}],"collection":[{"href":"https:\/\/chemmax.pl\/sklep\/wp-json\/wp\/v2\/product"}],"about":[{"href":"https:\/\/chemmax.pl\/sklep\/wp-json\/wp\/v2\/types\/product"}],"replies":[{"embeddable":true,"href":"https:\/\/chemmax.pl\/sklep\/wp-json\/wp\/v2\/comments?post=1388"}],"wp:featuredmedia":[{"embeddable":true,"href":"https:\/\/chemmax.pl\/sklep\/wp-json\/wp\/v2\/media\/1389"}],"wp:attachment":[{"href":"https:\/\/chemmax.pl\/sklep\/wp-json\/wp\/v2\/media?parent=1388"}],"wp:term":[{"taxonomy":"product_brand","embeddable":true,"href":"https:\/\/chemmax.pl\/sklep\/wp-json\/wp\/v2\/product_brand?post=1388"},{"taxonomy":"product_cat","embeddable":true,"href":"https:\/\/chemmax.pl\/sklep\/wp-json\/wp\/v2\/product_cat?post=1388"},{"taxonomy":"product_tag","embeddable":true,"href":"https:\/\/chemmax.pl\/sklep\/wp-json\/wp\/v2\/product_tag?post=1388"}],"curies":[{"name":"wp","href":"https:\/\/api.w.org\/{rel}","templated":true}]}}